{"id":103,"date":"2022-02-08T23:01:55","date_gmt":"2022-02-08T23:01:55","guid":{"rendered":"http:\/\/concapren.org.mx\/ws\/?page_id=103"},"modified":"2022-02-08T23:02:13","modified_gmt":"2022-02-08T23:02:13","slug":"reacreditacion","status":"publish","type":"page","link":"https:\/\/concapren.org.mx\/ws\/reacreditacion\/","title":{"rendered":"Reacreditaci\u00f3n"},"content":{"rendered":"\n<p>El procedimiento a seguir para la reacreditaci\u00f3n o acreditaci\u00f3n subsecuente es el mismo que se cumpli\u00f3 para la acreditaci\u00f3n.La visita deber\u00e1 llevarse a cabo durante el per\u00edodo de actividades regulares del Programa por evaluar.<\/p>\n\n\n\n<p>Como en el caso de las evaluaciones con fines de acreditaci\u00f3n, el programa deber\u00e1 tener\u00a0<strong>cubiertos los requisitos administrativos<\/strong>\u00a0se\u00f1alados en el procedimiento (<em><strong>contrato<\/strong><\/em>\u00a0firmado por ambas partes y\u00a0<strong>pago<\/strong>\u00a0realizado) previamente a la fecha de la visita de la Comisi\u00f3n Evaluadora de CONCAPREN a la instituci\u00f3n.<\/p>\n\n\n\n<p><a href=\"..\/acreditacion\/\"><strong>Consulte aqu\u00ed el proceso completo<\/strong><\/a><\/p>\n","protected":false},"excerpt":{"rendered":"<p>El procedimiento a seguir para la reacreditaci\u00f3n o acreditaci\u00f3n subsecuente es el mismo que se cumpli\u00f3 para la acreditaci\u00f3n.La visita deber\u00e1 llevarse a cabo durante el per\u00edodo de actividades regulares del Programa por evaluar. Como en el caso de las evaluaciones con fines de acreditaci\u00f3n, el programa deber\u00e1 tener\u00a0cubiertos los [&hellip;]<\/p>\n","protected":false},"author":1,"featured_media":0,"parent":0,"menu_order":0,"comment_status":"closed","ping_status":"closed","template":"","meta":{"footnotes":""},"class_list":["post-103","page","type-page","status-publish","hentry"],"_links":{"self":[{"href":"https:\/\/concapren.org.mx\/ws\/wp-json\/wp\/v2\/pages\/103","targetHints":{"allow":["GET"]}}],"collection":[{"href":"https:\/\/concapren.org.mx\/ws\/wp-json\/wp\/v2\/pages"}],"about":[{"href":"https:\/\/concapren.org.mx\/ws\/wp-json\/wp\/v2\/types\/page"}],"author":[{"embeddable":true,"href":"https:\/\/concapren.org.mx\/ws\/wp-json\/wp\/v2\/users\/1"}],"replies":[{"embeddable":true,"href":"https:\/\/concapren.org.mx\/ws\/wp-json\/wp\/v2\/comments?post=103"}],"version-history":[{"count":2,"href":"https:\/\/concapren.org.mx\/ws\/wp-json\/wp\/v2\/pages\/103\/revisions"}],"predecessor-version":[{"id":106,"href":"https:\/\/concapren.org.mx\/ws\/wp-json\/wp\/v2\/pages\/103\/revisions\/106"}],"wp:attachment":[{"href":"https:\/\/concapren.org.mx\/ws\/wp-json\/wp\/v2\/media?parent=103"}],"curies":[{"name":"wp","href":"https:\/\/api.w.org\/{rel}","templated":true}]}}