{"id":13,"date":"2022-01-12T20:53:36","date_gmt":"2022-01-12T20:53:36","guid":{"rendered":"http:\/\/concapren.org.mx\/ws\/?page_id=13"},"modified":"2022-02-08T23:54:40","modified_gmt":"2022-02-08T23:54:40","slug":"home","status":"publish","type":"page","link":"https:\/\/concapren.org.mx\/ws\/","title":{"rendered":"Home"},"content":{"rendered":"\n<div class=\"wp-block-cover alignfull is-light hestia-clear-top-padding\"><span aria-hidden=\"true\" class=\"has-white-background-color has-background-dim-100 wp-block-cover__gradient-background has-background-dim\"><\/span><div class=\"wp-block-cover__inner-container is-layout-flow wp-block-cover-is-layout-flow\">\n<h2 class=\"has-text-align-center has-text-color wp-block-heading\" id=\"que-hacemos\" style=\"color:#3c4858\">\u00bfQu\u00e9 hacemos?<\/h2>\n\n\n\n<div style=\"height:40px\" aria-hidden=\"true\" class=\"wp-block-spacer\"><\/div>\n\n\n\n<p class=\"has-text-align-center\">Garantizar la calidad y otorgar reconocimiento p\u00fablico a los Programas Educativos en Nutriolog\u00eda de las instituciones de educaci\u00f3n superior p\u00fablicas y privadas\u2026<\/p>\n\n\n\n<div style=\"height:46px\" aria-hidden=\"true\" class=\"wp-block-spacer\"><\/div>\n\n\n\n<div class=\"wp-block-columns container is-layout-flex wp-container-core-columns-is-layout-28f84493 wp-block-columns-is-layout-flex\">\n<div class=\"wp-block-column is-layout-flow wp-block-column-is-layout-flow\">\n<div class=\"wp-block-image is-style-default\"><figure class=\"aligncenter size-full\"><a href=\".\/acreditacion\/\"><img loading=\"lazy\" decoding=\"async\" width=\"134\" height=\"131\" src=\"http:\/\/concapren.org.mx\/ws\/wp-content\/uploads\/2022\/02\/boton_progacred.jpg\" alt=\"\" class=\"wp-image-50\"\/><\/a><\/figure><\/div>\n\n\n\n<h5 class=\"has-text-align-center has-text-color wp-block-heading\" id=\"proceso-de-acreditacion-de-programas-educativos-en-nutriologia\" style=\"color:#3c4858;font-size:17px\">Proceso de Acreditaci\u00f3n de Programas Educativos en Nutriolog\u00eda<\/h5>\n\n\n\n<p class=\"has-text-align-center has-text-color\" style=\"color:#999999;font-size:14px\">Lorem ipsum dolor sit amet, consectetur adipiscing elit, sed do eiusmod tempor incididunt ut labore et dolore magna aliqua.<\/p>\n\n\n\n<div style=\"height:25px\" aria-hidden=\"true\" class=\"wp-block-spacer\"><\/div>\n<\/div>\n\n\n\n<div class=\"wp-block-column is-layout-flow wp-block-column-is-layout-flow\">\n<div class=\"wp-block-image\"><figure class=\"aligncenter size-full\"><a href=\".\/documentos\/\"><img loading=\"lazy\" decoding=\"async\" width=\"134\" height=\"131\" src=\"http:\/\/concapren.org.mx\/ws\/wp-content\/uploads\/2022\/02\/boton_documentos.jpg\" alt=\"\" class=\"wp-image-51\"\/><\/a><\/figure><\/div>\n\n\n\n<h5 class=\"has-text-align-center has-text-color wp-block-heading\" id=\"validacion-de-documentacion-proporcionada-por-las-instituciones\" style=\"color:#3c4858;font-size:18px\">Validaci\u00f3n de documentaci\u00f3n proporcionada por las Instituciones<\/h5>\n\n\n\n<p class=\"has-text-align-center has-text-color\" style=\"color:#999999;font-size:14px\">Lorem ipsum dolor sit amet, consectetur adipiscing elit, sed do eiusmod tempor incididunt ut labore et dolore magna aliqua.<\/p>\n\n\n\n<div style=\"height:25px\" aria-hidden=\"true\" class=\"wp-block-spacer\"><\/div>\n<\/div>\n\n\n\n<div class=\"wp-block-column is-layout-flow wp-block-column-is-layout-flow\">\n<div class=\"wp-block-image\"><figure class=\"aligncenter size-full\"><a href=\".\/programas-acreditados\/\"><img loading=\"lazy\" decoding=\"async\" width=\"134\" height=\"131\" src=\"http:\/\/concapren.org.mx\/ws\/wp-content\/uploads\/2022\/02\/boton_directorio.jpg\" alt=\"\" class=\"wp-image-52\"\/><\/a><\/figure><\/div>\n\n\n\n<h5 class=\"has-text-align-center has-text-color wp-block-heading\" id=\"conformacion-de-un-directorio-de-programas-acreditados-a-nivel-nacional\" style=\"color:#3c4858;font-size:18px\">Conformaci\u00f3n de un directorio de programas acreditados a nivel nacional<\/h5>\n\n\n\n<p class=\"has-text-align-center has-text-color\" style=\"color:#999999;font-size:14px\">Lorem ipsum dolor sit amet, consectetur adipiscing elit, sed do eiusmod tempor incididunt ut labore et dolore magna aliqua.<\/p>\n\n\n\n<div style=\"height:25px\" aria-hidden=\"true\" class=\"wp-block-spacer\"><\/div>\n<\/div>\n<\/div>\n\n\n\n<p class=\"has-text-align-center\">Reconocido como Organismo Acreditador por:<\/p>\n\n\n\n<div class=\"wp-block-image\"><figure class=\"aligncenter size-full\"><a href=\"https:\/\/www.copaes.org\/\" target=\"_blank\" rel=\"noopener\"><img loading=\"lazy\" decoding=\"async\" width=\"302\" height=\"99\" src=\"http:\/\/concapren.org.mx\/ws\/wp-content\/uploads\/2022\/02\/logocopaes.jpg\" alt=\"\" class=\"wp-image-53\" srcset=\"https:\/\/concapren.org.mx\/ws\/wp-content\/uploads\/2022\/02\/logocopaes.jpg 302w, https:\/\/concapren.org.mx\/ws\/wp-content\/uploads\/2022\/02\/logocopaes-300x98.jpg 300w\" sizes=\"auto, (max-width: 302px) 100vw, 302px\" \/><\/a><\/figure><\/div>\n\n\n\n<div style=\"height:40px\" aria-hidden=\"true\" class=\"wp-block-spacer\"><\/div>\n<\/div><\/div>\n\n\n\n<div class=\"wp-block-columns container is-layout-flex wp-container-core-columns-is-layout-28f84493 wp-block-columns-is-layout-flex\">\n<div class=\"wp-block-column col-md-5 is-layout-flow wp-block-column-is-layout-flow\">\n<h2 class=\"wp-block-heading\" id=\"servicios\">Servicios<\/h2>\n\n\n\n<p class=\"has-medium-font-size\">El Consejo Nacional para la Calidad de Programas Educativos en Nutriolog\u00eda, A.C. presta los siguientes servicios a todas las instituciones de educaci\u00f3n superior que ofrezcan programas de educaci\u00f3n en nutriolog\u00eda:<\/p>\n\n\n\n<p><\/p>\n<\/div>\n\n\n\n<div class=\"wp-block-column col-md-6 col-md-offset1 is-layout-flow wp-block-column-is-layout-flow\">\n<div style=\"height:60px\" aria-hidden=\"true\" class=\"wp-block-spacer\"><\/div>\n\n\n\n<ul class=\"has-medium-font-size wp-block-list\"><li>Acreditaci\u00f3n de programas presenciales<\/li><li>Seguimiento a las acreditaciones<\/li><li>Asesor\u00edas para la evaluaci\u00f3n<\/li><li>Curso de formaci\u00f3n de evaluadores<\/li><li>Curso de capacitaci\u00f3n de evaluadores<\/li><\/ul>\n<\/div>\n<\/div>\n","protected":false},"excerpt":{"rendered":"<p>Servicios El Consejo Nacional para la Calidad de Programas Educativos en Nutriolog\u00eda, A.C. presta los siguientes servicios a todas las instituciones de educaci\u00f3n superior que ofrezcan programas de educaci\u00f3n en nutriolog\u00eda: Acreditaci\u00f3n de programas presenciales Seguimiento a las acreditaciones Asesor\u00edas para la evaluaci\u00f3n Curso de formaci\u00f3n de evaluadores Curso de [&hellip;]<\/p>\n","protected":false},"author":1,"featured_media":74,"parent":0,"menu_order":0,"comment_status":"closed","ping_status":"closed","template":"","meta":{"footnotes":""},"class_list":["post-13","page","type-page","status-publish","has-post-thumbnail","hentry"],"_links":{"self":[{"href":"https:\/\/concapren.org.mx\/ws\/wp-json\/wp\/v2\/pages\/13","targetHints":{"allow":["GET"]}}],"collection":[{"href":"https:\/\/concapren.org.mx\/ws\/wp-json\/wp\/v2\/pages"}],"about":[{"href":"https:\/\/concapren.org.mx\/ws\/wp-json\/wp\/v2\/types\/page"}],"author":[{"embeddable":true,"href":"https:\/\/concapren.org.mx\/ws\/wp-json\/wp\/v2\/users\/1"}],"replies":[{"embeddable":true,"href":"https:\/\/concapren.org.mx\/ws\/wp-json\/wp\/v2\/comments?post=13"}],"version-history":[{"count":8,"href":"https:\/\/concapren.org.mx\/ws\/wp-json\/wp\/v2\/pages\/13\/revisions"}],"predecessor-version":[{"id":131,"href":"https:\/\/concapren.org.mx\/ws\/wp-json\/wp\/v2\/pages\/13\/revisions\/131"}],"wp:featuredmedia":[{"embeddable":true,"href":"https:\/\/concapren.org.mx\/ws\/wp-json\/wp\/v2\/media\/74"}],"wp:attachment":[{"href":"https:\/\/concapren.org.mx\/ws\/wp-json\/wp\/v2\/media?parent=13"}],"curies":[{"name":"wp","href":"https:\/\/api.w.org\/{rel}","templated":true}]}}