{"id":68,"date":"2022-02-02T01:34:08","date_gmt":"2022-02-02T01:34:08","guid":{"rendered":"http:\/\/concapren.org.mx\/ws\/?page_id=68"},"modified":"2022-02-02T01:43:57","modified_gmt":"2022-02-02T01:43:57","slug":"aviso-de-privacidad","status":"publish","type":"page","link":"https:\/\/concapren.org.mx\/ws\/aviso-de-privacidad\/","title":{"rendered":"Aviso de Privacidad"},"content":{"rendered":"\n<p><strong>AVISO DE PRIVACIDAD DEL CONSEJO NACIONAL PARA LA CALIDAD DE LOS PROGRAMAS EDUCATIVOS EN NUTRIOLOG\u00cdA, A.C.<\/strong><\/p>\n\n\n\n<p>POL\u00cdTICA DE PRIVACIDAD (AVISO DE PRIVACIDAD) DE CONFIRMIDAD CON&nbsp;<em>LA LEY FEDERAL DE PROTECCI\u00d3N DE DATOS PERSONALES EN POSESI\u00d3N DE LOS PARTICULARES<\/em>.<\/p>\n\n\n\n<p><strong>RESPONSABLE DE LOS DATOS PERSONALES<\/strong><\/p>\n\n\n\n<p>En esta Pol\u00edtica (Aviso) de Privacidad, el&nbsp;<strong>CONSEJO NACIONAL PARA LA CALIDAD DE LOS PROGRAMAS EDUCATIVOS EN NTRIOLOG\u00cdA A.C.<\/strong>&nbsp;(en adelante, el \u201c<strong>CONCAPREN<\/strong>&#8220;), con el Registro Federal de Contribuyentes (RFC): CNC060216HV8 y domicilio en Cuicuilco 62, Col. Letr\u00e1n Valle, Delegaci\u00f3n Benito Juarez, M\u00e9xico. D.F. CP 03650, tiene el car\u00e1cter de responsable de la informaci\u00f3n que obtenga de los diversos usuarios y procesos, en relaci\u00f3n con su objeto social y a todos los servicios prestados por esta entidad, como \u00fanica instancia validada por el&nbsp;<strong>Consejo para la Acreditaci\u00f3n de la Educaci\u00f3n Superior, A. C. (COPAES)<\/strong>, para acreditar programas acad\u00e9micos de educaci\u00f3n del tipo superior que ofrezcan instituciones p\u00fablicas y particulares en el campo de la Nutrici\u00f3n, y en sus diferentes modalidades, presencial, semipresencial y mixto.<\/p>\n\n\n\n<p>El portal vinculado para dar informaci\u00f3n, transparentar los procesos de acreditaci\u00f3n, as\u00ed como de los cursos y actividades que ofrezca el \u201cCONCAPREN\u201d, en donde se recabe informaci\u00f3n y datos personales como actividad secundaria y de control, es la p\u00e1gina:&nbsp;<a href=\"http:\/\/www.concapren.org.mx\/\">www.concapren.org.mx<\/a>; el servicio incluye almacenamiento de datos para dicho control y gesti\u00f3n del Usuario o usuarios autorizados por el \u201cCONCAPREN\u201d.<\/p>\n\n\n\n<p>El \u201cCONCAPREN\u201d toma muy en serio la privacidad de sus servicios en l\u00ednea, documental u otra diversa. Por lo que sugiere que el Usuario lea e identifique nuestra pol\u00edtica de protecci\u00f3n de datos personales en este Aviso de Privacidad.<\/p>\n\n\n\n<p><strong>OBJETO SOCIAL DEL \u201cCONCAPREN\u201d<\/strong><\/p>\n\n\n\n<p>El \u201c<strong>CONCAPREN<\/strong>\u201d describe brevemente su objeto social en los siguientes puntos:<\/p>\n\n\n\n<p>A. Fomentar la calidad de los programas acad\u00e9micos de nutrici\u00f3n en M\u00e9xico, de acuerdo a un modelo que responda a las necesidades econ\u00f3micas, sociales y geogr\u00e1ficas del pa\u00eds, tomando en consideraci\u00f3n los avances cient\u00edficos y tecnol\u00f3gicos de la profesi\u00f3n.<\/p>\n\n\n\n<p>B. Garantizar a la poblaci\u00f3n mexicana la calidad de los programas acad\u00e9micos en nutriolog\u00eda de las instituciones de educaci\u00f3n superior.<\/p>\n\n\n\n<p>C. Establecer est\u00e1ndares de calidad para el mejoramiento de los programas acad\u00e9micos.<\/p>\n\n\n\n<p><strong>POL\u00cdTICA DE PRIVACIDAD<\/strong><\/p>\n\n\n\n<p>Nuestra Pol\u00edtica de Privacidad refiere el uso que se le da a la informaci\u00f3n personal que proporcionas al \u201cCONCAPREN\u201d, incluyendo los datos relacionados con la utilizaci\u00f3n que has hecho en el pasado de servicios y actividades relacionadas con el objeto social inherente a \u00e9ste. Para el \u201cCONCAPREN\u201d, la informaci\u00f3n personal est\u00e1 conformada por datos tales como: nombre, domicilio, sexo, profesi\u00f3n, correo electr\u00f3nico, n\u00famero telef\u00f3nico, curricula, entre otros. Es decir, se trata de datos privados y no est\u00e1n disponibles al p\u00fablico en general, esto \u00faltimo, de conformidad a lo establecido en la&nbsp;<em>Ley Federal de Protecci\u00f3n de Datos Personales en Posesi\u00f3n de los Particulares<\/em>, en lo sucesivo la \u201c<strong>LEY<\/strong>\u201d y su Reglamento.<\/p>\n\n\n\n<p>Se precisa que la Pol\u00edtica de Privacidad del \u201cCONCAPREN\u201d no abarca las pr\u00e1cticas de compa\u00f1\u00edas ajenas a \u00e9sta, por lo tanto, el \u201cCONCAPREN\u201d, no es responsable y no controla previamente, aprueba, ni hace propios los servicios de informaci\u00f3n, datos, archivos, productos y cualquier clase de material existente de los sitios enlazados en las p\u00e1ginas de Internet, ya que \u00e9stas, deben de contar con sus propias pol\u00edticas de privacidad.<\/p>\n\n\n\n<p>Adicionalmente, el Usuario reconoce y acepta desde ahora, que bajo su estricta responsabilidad hace uso del Internet y en general, de medios de comunicaci\u00f3n electr\u00f3nicos y teleinform\u00e1ticos, de modo que en consecuencia, el Usuario libera expresamente al&nbsp; \u201cCONCAPREN\u201d, a sus funcionarios y directivos, de cualquier responsabilidad civil o penal derivada del uso de dichos medios de comunicaci\u00f3n.<\/p>\n\n\n\n<p><strong>FINALIDADES DE RECOLECCI\u00d3N Y TRATAMIENTO DE INFORMACI\u00d3N<\/strong><\/p>\n\n\n\n<p>El \u201cCONCAPREN\u201d recoge o recaba informaci\u00f3n institucional y personal de los procesos de acreditaci\u00f3n que realiza, de los cursos y talleres que ofrece, as\u00ed como, de las personas que intervienen en todas estas actividades.<\/p>\n\n\n\n<p>Cuando el Usuario participa en procesos de acreditaci\u00f3n, o como par evaluador, le solicitamos datos como: nombre completo, estado civil, fecha de nacimiento, nacionalidad, sexo, lugar de residencia, tel\u00e9fono, correo electr\u00f3nico, c\u00f3digo postal, profesi\u00f3n, giro profesional, trabajo, grado acad\u00e9mico, universidad de adscripci\u00f3n, antecedentes acad\u00e9micos, estudios e intereses personales, entre otros. Al finalizar su registro o ingreso, ya no se mantiene an\u00f3nimo para nosotros.<\/p>\n\n\n\n<p>El \u201cCONCAPREN\u201d recoge informaci\u00f3n acerca de los accesos, notas que env\u00edas, informaci\u00f3n y\/u operaciones que realizas con nosotros incluyendo datos sobre el uso que haces de los servicios y actividades que desarrollamos dentro de nuestro objeto y fin social que te ofrecemos.<\/p>\n\n\n\n<p>El \u201cCONCAPREN\u201d usa dicha informaci\u00f3n para las siguientes finalidades generales: gestionar el proceso de acreditaci\u00f3n de los programas del tipo superior en las Instituciones de Educaci\u00f3n Superior (<strong>IES<\/strong>), enviar informaci\u00f3n a solicitud expresa del \u201c<strong>COPAES<\/strong>\u201d o miembros de su Asamblea General, as\u00ed como de la propia&nbsp;<strong>Secretar\u00eda de Educaci\u00f3n P\u00fablica (SEP)<\/strong>, para ayudar a la actualizaci\u00f3n de indicadores y mantenimiento del Padr\u00f3n de Evaluadores del \u201c<strong>COPAES<\/strong>\u201d (PECO),&nbsp;informar sobre los cambios de nuestros productos o servicios, evaluar la calidad del servicio, y efectuar todas las actividades que contribuyan a la consecuci\u00f3n de su objeto social.<\/p>\n\n\n\n<p><strong>CONFIDENCIALIDAD Y SEGURIDAD<\/strong><\/p>\n\n\n\n<p>El acceso a su informaci\u00f3n est\u00e1 limitada s\u00f3lo por aquellos empleados del&nbsp; \u201cCONCAPREN\u201d o&nbsp;<strong>IES<\/strong>, quienes consideramos necesitan tener contacto con esos datos para estar en posibilidades de realizar el objeto social, descrito en el presente documento, adem\u00e1s de lo ya se\u00f1alado, en el cruce de informaci\u00f3n con el&nbsp;<strong>COPAES<\/strong>&nbsp;y la&nbsp;<strong>SEP<\/strong><\/p>\n\n\n\n<p><strong>MODIFICACIONES A ESTA POL\u00cdTICA DE PRIVACIDAD<\/strong><\/p>\n\n\n\n<p>El \u201cCONCAPREN\u201d puede modificar la presente Pol\u00edtica de Privacidad. Si los cambios que realizamos son importantes y afectan directamente el uso que le damos a los datos personales del Usuario, se lo haremos saber por un mensaje a trav\u00e9s del correo electr\u00f3nico que proporcion\u00f3 durante su primer registro.<\/p>\n\n\n\n<p><strong>EJERCER TUS DERECHOS DE ACCESO, RECTIFICACI\u00d3N, CANCELACI\u00d3N U<br>OPOSICI\u00d3N DE DATOS PERSONALES<\/strong><\/p>\n\n\n\n<p>En cumplimiento con lo dispuesto por la&nbsp;<em>Ley Federal de Protecci\u00f3n de Datos Personales en Posesi\u00f3n de los Particulares<\/em>, su&nbsp;<em>Reglamento<\/em>, y dem\u00e1s legislaci\u00f3n federal vigente en materia de protecci\u00f3n de datos personales, si deseas ejercer el derecho de acceso, rectificaci\u00f3n, cancelaci\u00f3n y\/u oposici\u00f3n en relaci\u00f3n con tus datos personales, podr\u00e1s hacerlo, previa solicitud por escrito al correo&nbsp;<a href=\"mailto:presidencia@concapren.org.mx\">presidencia@concapren.org.mx<\/a>, ya que el \u201cCONCAPREN\u201d le permite al Usuario modificar o rectificar su informaci\u00f3n en el momento que lo requiera.&nbsp;<\/p>\n\n\n\n<p>El \u201cCONCAPREN\u201d, una vez recibida la solicitud, tendr\u00e1 un plazo m\u00e1ximo de 7 d\u00edas h\u00e1biles para atender su petici\u00f3n y dar su resolutivo, a trav\u00e9s de la misma v\u00eda de comunicaci\u00f3n.<\/p>\n\n\n\n<p>Nos reservamos el derecho de enviarte ciertos comunicados, archivos, notas, avisos, etc., los cuales se consideran estrechamente relacionados con el Usuario y el \u201cCONCAPREN\u201d, sin que se le ofrezca la posibilidad de optar por no recibirlos.<\/p>\n\n\n\n<p>Tambi\u00e9n el Usuario puede solicitar que se elimine su informaci\u00f3n proporcionada al \u201cCONCAPREN\u201d o se oponga a que \u00e9sta se siga usando. Para hacer lo anterior, basta con enviar una carta solicit\u00e1ndolo al correo&nbsp;<a href=\"mailto:presidencia@concapren.org.mx\">presidencia@concapren.org.mx<\/a>&nbsp;y as\u00ed podr\u00e1 modificar, rectificar, cancelar u oponerse a la informaci\u00f3n registrada.<\/p>\n\n\n\n<p>La solicitud deber\u00e1 contener y acompa\u00f1ar los requisitos que se\u00f1ala la&nbsp;<em>Ley Federal de Protecci\u00f3n de Datos Personales en Posesi\u00f3n de Particulares<\/em>&nbsp;y en su&nbsp;<em>Reglamento<\/em>, documentos que puedes consultar en el Sitio Web del&nbsp;Instituto Federal de Acceso a la Informaci\u00f3n y Protecci\u00f3n de Datos.<\/p>\n\n\n\n<p><br><strong>IDENTIDAD Y DOMICILIO DE LA PERSONA F\u00cdSICA RESPONSABLE<\/strong><\/p>\n\n\n\n<p>El \u201c<strong>CONCAPREN<\/strong>\u201d designa como responsable del tratamiento de sus datos personales a Manuel L\u00f3pez Cabanillas Lomel\u00ed quien se le puede ubicar en la direcci\u00f3n del propio \u201c<strong>CONCAPREN<\/strong>\u201d y cuyo correo electr\u00f3nico es:&nbsp;<a href=\"mailto:presidencia@concapren.org.mx\">presidencia@concapren.org.mx<\/a><\/p>\n\n\n\n<p><strong>OTRO TIPO DE TRANSFERENCIAS DE DATOS O INFORMACI\u00d3N<br>(Orden judicial o procesos legales)&nbsp;<\/strong><\/p>\n\n\n\n<p>El \u201c<strong>CONCAPREN<\/strong>\u201d no vende, renta, transfiere, ni comparte informaci\u00f3n personal de sus usuarios a ning\u00fan tercero o entidad no afiliada con \u00e9sta, salvo en el caso que sea estrictamente necesario para confirmar y corroborar la informaci\u00f3n proporcionada por el propio Usuario, y para los fines precisados en el presente Aviso, previa autorizaci\u00f3n del mismo, o bajo estas circunstancias:<\/p>\n\n\n\n<ul class=\"wp-block-list\"><li>Nos veamos en la necesidad de responder a \u00f3rdenes judiciales, procesos y\/o requerimientos legales o de ejercer nuestros derechos o defendernos en contra de alg\u00fan reclamo, denuncia o demanda de car\u00e1cter legal.<\/li><li>Consideramos que es necesario compartir tus datos para investigar, prevenir o tomar acci\u00f3n contra actividades ilegales, posibles fraudes, situaciones que potencialmente pongan en riesgo la integridad f\u00edsica de cualquier persona; o en caso de que la ley as\u00ed lo requiera.<\/li><li>Debamos transferir o compartir tu informaci\u00f3n personal si el \u201c<strong>CONCAPREN<\/strong>\u201d&nbsp; cambiara de raz\u00f3n social, modificara su objeto social o fuera adquirido por otros accionistas o persona moral o se fusione con ella. Si esto sucediera, el \u201c<strong>CONCAPREN<\/strong>\u201d notificar\u00e1 que compartir\u00e1 la informaci\u00f3n personal del Usuario antes de transferirla o regirla por otra Pol\u00edtica de Privacidad distinta a la presente, y el Usurario tiene derecho a oponerse a tal situaci\u00f3n.<\/li><\/ul>\n\n\n\n<p><strong>DUDAS O SUGERENCIAS<\/strong><\/p>\n\n\n\n<p>Para cualquier tipo de duda o sugerencia respecto a nuestra pol\u00edtica de protecci\u00f3n de datos personales en este Aviso de Privacidad, puedes contactarnos al correo electr\u00f3nico:&nbsp;<a href=\"mailto:presidencia@concapren.org.mx\">presidencia@concapren.org.mx<\/a>&nbsp;<\/p>\n\n\n\n<p class=\"has-text-align-center\"><strong>ATENTAMENTE<\/strong><\/p>\n\n\n\n<div class=\"wp-block-image\"><figure class=\"aligncenter\"><img decoding=\"async\" src=\"http:\/\/www.concapren.org.mx\/recursos\/logoconcaprenaviso.jpg\" alt=\"\"\/><\/figure><\/div>\n\n\n\n<p class=\"has-text-align-right\">&nbsp;\u00daltima Fecha de Emisi\u00f3n: Junio\/2016<\/p>\n","protected":false},"excerpt":{"rendered":"<p>AVISO DE PRIVACIDAD DEL CONSEJO NACIONAL PARA LA CALIDAD DE LOS PROGRAMAS EDUCATIVOS EN NUTRIOLOG\u00cdA, A.C. POL\u00cdTICA DE PRIVACIDAD (AVISO DE PRIVACIDAD) DE CONFIRMIDAD CON&nbsp;LA LEY FEDERAL DE PROTECCI\u00d3N DE DATOS PERSONALES EN POSESI\u00d3N DE LOS PARTICULARES. RESPONSABLE DE LOS DATOS PERSONALES En esta Pol\u00edtica (Aviso) de Privacidad, el&nbsp;CONSEJO NACIONAL [&hellip;]<\/p>\n","protected":false},"author":1,"featured_media":0,"parent":0,"menu_order":0,"comment_status":"closed","ping_status":"closed","template":"","meta":{"footnotes":""},"class_list":["post-68","page","type-page","status-publish","hentry"],"_links":{"self":[{"href":"https:\/\/concapren.org.mx\/ws\/wp-json\/wp\/v2\/pages\/68","targetHints":{"allow":["GET"]}}],"collection":[{"href":"https:\/\/concapren.org.mx\/ws\/wp-json\/wp\/v2\/pages"}],"about":[{"href":"https:\/\/concapren.org.mx\/ws\/wp-json\/wp\/v2\/types\/page"}],"author":[{"embeddable":true,"href":"https:\/\/concapren.org.mx\/ws\/wp-json\/wp\/v2\/users\/1"}],"replies":[{"embeddable":true,"href":"https:\/\/concapren.org.mx\/ws\/wp-json\/wp\/v2\/comments?post=68"}],"version-history":[{"count":2,"href":"https:\/\/concapren.org.mx\/ws\/wp-json\/wp\/v2\/pages\/68\/revisions"}],"predecessor-version":[{"id":72,"href":"https:\/\/concapren.org.mx\/ws\/wp-json\/wp\/v2\/pages\/68\/revisions\/72"}],"wp:attachment":[{"href":"https:\/\/concapren.org.mx\/ws\/wp-json\/wp\/v2\/media?parent=68"}],"curies":[{"name":"wp","href":"https:\/\/api.w.org\/{rel}","templated":true}]}}