{"id":83,"date":"2022-02-08T22:39:24","date_gmt":"2022-02-08T22:39:24","guid":{"rendered":"http:\/\/concapren.org.mx\/ws\/?page_id=83"},"modified":"2022-02-08T22:47:25","modified_gmt":"2022-02-08T22:47:25","slug":"quienes-somos","status":"publish","type":"page","link":"https:\/\/concapren.org.mx\/ws\/quienes-somos\/","title":{"rendered":"\u00bfQui\u00e9nes Somos?"},"content":{"rendered":"\n<center><figure class=\"wp-block-image size-full\"><img loading=\"lazy\" decoding=\"async\" width=\"544\" height=\"361\" src=\"http:\/\/concapren.org.mx\/ws\/wp-content\/uploads\/2022\/02\/OrganigramaConcapren.jpg\" alt=\"\" class=\"wp-image-84\" srcset=\"https:\/\/concapren.org.mx\/ws\/wp-content\/uploads\/2022\/02\/OrganigramaConcapren.jpg 544w, https:\/\/concapren.org.mx\/ws\/wp-content\/uploads\/2022\/02\/OrganigramaConcapren-300x199.jpg 300w, https:\/\/concapren.org.mx\/ws\/wp-content\/uploads\/2022\/02\/OrganigramaConcapren-360x240.jpg 360w\" sizes=\"auto, (max-width: 544px) 100vw, 544px\" \/><\/figure><\/center>\n\n\n\n<div style=\"height:18px\" aria-hidden=\"true\" class=\"wp-block-spacer\"><\/div>\n\n\n\n            <map name=\"MapaOrganigramaConcapren\">\n            <area shape=\"RECT\" coords=\"404,150,543,196\" href=\"contactos.php?sec=6&amp;con=3\" \/>\n            <area shape=\"RECT\" coords=\"125,77,264,123\" href=\"contactos.php?sec=6&amp;con=1\" \/>\n            <area shape=\"RECT\" coords=\"2,149,141,195\" href=\"contactos.php?sec=6&amp;con=2\" \/>\n            <area shape=\"RECT\" coords=\"254,150,393,196\" href=\"contactos.php?sec=6&amp;con=4\" \/>\n            <area shape=\"RECT\" coords=\"253,242,392,288\" href=\"contactos.php?sec=6&amp;con=7\" \/>\n            <area shape=\"RECT\" coords=\"2,310,141,356\" href=\"contactos.php?sec=6&amp;con=6\" \/>\n            <area shape=\"RECT\" coords=\"1,241,140,287\" href=\"contactos.php?sec=6&amp;con=5\" \/>\n            <area shape=\"RECT\" coords=\"253,310,392,356\" href=\"contactos.php?sec=6&amp;con=7\" \/><\/map>\n\n\n\n\n<p><\/p>\n\n\n\n<p><strong>Consejo Directivo<br><\/strong><\/p>\n\n\n\n<p><strong><a>Presidente<\/a><\/strong><strong>:&nbsp;<\/strong>Manuel L\u00f3pez Cabanillas Lomel\u00ed<\/p>\n\n\n\n<p><strong><a>Secretaria Ejecutiva<\/a><\/strong><strong>:&nbsp;<\/strong>Erika L\u00f3pez Z\u00fa\u00f1iga<\/p>\n\n\n\n<p><strong><a>Tesorera<\/a><\/strong><strong>:&nbsp;<\/strong>Adriana Zambrano Moreno<\/p>\n\n\n\n<p><strong><a>Vocales<\/a><\/strong><strong>:<\/strong><\/p>\n\n\n\n<ul class=\"wp-block-list\"><li>Patricia Inda Icaza<\/li><li>Ma. Guadalupe Sol\u00eds D\u00edaz<\/li><li>Martha Betzaida Altamirano Mart\u00ednez<\/li><\/ul>\n\n\n\n<p><strong><br><\/strong><strong><a>Coordinador del Comit\u00e9 de Acreditaci\u00f3n<\/a><\/strong><strong>:&nbsp;<\/strong>Mariana Cossio Ponce de Le\u00f3n<\/p>\n\n\n\n<p><strong><a>Comit\u00e9 de Acreditaci\u00f3n<\/a><\/strong><strong>:<\/strong><\/p>\n\n\n\n<ul class=\"wp-block-list\"><li>Elena E. Hurtado Barba<\/li><li>Mariana Cossio Ponce de Le\u00f3n<\/li><li>Julio C\u00e9sar Pichardo Castillo<\/li><li>Zulema Morayma Cabrera Araujo<\/li><li>Ma. Graciela S\u00e1nchez Montiel<\/li><\/ul>\n\n\n\n<p><strong><br><\/strong><strong><a>Coordinadora del Comit\u00e9 de Capacitaci\u00f3n<\/a><\/strong><strong>:&nbsp;<\/strong>Mar\u00eda de los \u00c1ngeles Garc\u00eda Garza<\/p>\n","protected":false},"excerpt":{"rendered":"<p>Consejo Directivo Presidente:&nbsp;Manuel L\u00f3pez Cabanillas Lomel\u00ed Secretaria Ejecutiva:&nbsp;Erika L\u00f3pez Z\u00fa\u00f1iga Tesorera:&nbsp;Adriana Zambrano Moreno Vocales: Patricia Inda Icaza Ma. Guadalupe Sol\u00eds D\u00edaz Martha Betzaida Altamirano Mart\u00ednez Coordinador del Comit\u00e9 de Acreditaci\u00f3n:&nbsp;Mariana Cossio Ponce de Le\u00f3n Comit\u00e9 de Acreditaci\u00f3n: Elena E. Hurtado Barba Mariana Cossio Ponce de Le\u00f3n Julio C\u00e9sar Pichardo Castillo [&hellip;]<\/p>\n","protected":false},"author":1,"featured_media":0,"parent":0,"menu_order":0,"comment_status":"closed","ping_status":"closed","template":"","meta":{"footnotes":""},"class_list":["post-83","page","type-page","status-publish","hentry"],"_links":{"self":[{"href":"https:\/\/concapren.org.mx\/ws\/wp-json\/wp\/v2\/pages\/83","targetHints":{"allow":["GET"]}}],"collection":[{"href":"https:\/\/concapren.org.mx\/ws\/wp-json\/wp\/v2\/pages"}],"about":[{"href":"https:\/\/concapren.org.mx\/ws\/wp-json\/wp\/v2\/types\/page"}],"author":[{"embeddable":true,"href":"https:\/\/concapren.org.mx\/ws\/wp-json\/wp\/v2\/users\/1"}],"replies":[{"embeddable":true,"href":"https:\/\/concapren.org.mx\/ws\/wp-json\/wp\/v2\/comments?post=83"}],"version-history":[{"count":5,"href":"https:\/\/concapren.org.mx\/ws\/wp-json\/wp\/v2\/pages\/83\/revisions"}],"predecessor-version":[{"id":91,"href":"https:\/\/concapren.org.mx\/ws\/wp-json\/wp\/v2\/pages\/83\/revisions\/91"}],"wp:attachment":[{"href":"https:\/\/concapren.org.mx\/ws\/wp-json\/wp\/v2\/media?parent=83"}],"curies":[{"name":"wp","href":"https:\/\/api.w.org\/{rel}","templated":true}]}}