{"id":92,"date":"2022-02-08T22:53:21","date_gmt":"2022-02-08T22:53:21","guid":{"rendered":"http:\/\/concapren.org.mx\/ws\/?page_id=92"},"modified":"2022-02-08T23:06:03","modified_gmt":"2022-02-08T23:06:03","slug":"acreditacion","status":"publish","type":"page","link":"https:\/\/concapren.org.mx\/ws\/acreditacion\/","title":{"rendered":"Acreditaci\u00f3n"},"content":{"rendered":"\n<p>La Acreditaci\u00f3n de un Programa Educativo es el reconocimiento p\u00fablico de su calidad, constituye la garant\u00eda de que dicho programa cumple con determinado conjunto de est\u00e1ndares de calidad.<\/p>\n\n\n\n<p>La Acreditaci\u00f3n de programas acad\u00e9micos de Nivel Superior debe ser peri\u00f3dica y constituirse en un servicio de gran valor para los estudiantes, para las instituciones de educaci\u00f3n superior, para la sociedad en general (sector profesional, empleadores, organismos financieros, etc.)<\/p>\n\n\n\n<p>Por otra parte, la Acreditaci\u00f3n de los programas acad\u00e9micos a nivel superior que libremente lo soliciten repercutir\u00e1n en la elevaci\u00f3n de la calidad educativa.<\/p>\n\n\n\n<div class=\"wp-block-image\"><figure class=\"aligncenter size-full\"><img loading=\"lazy\" decoding=\"async\" width=\"512\" height=\"353\" src=\"http:\/\/concapren.org.mx\/ws\/wp-content\/uploads\/2022\/02\/graf_acreditacion.jpg\" alt=\"\" class=\"wp-image-93\" srcset=\"https:\/\/concapren.org.mx\/ws\/wp-content\/uploads\/2022\/02\/graf_acreditacion.jpg 512w, https:\/\/concapren.org.mx\/ws\/wp-content\/uploads\/2022\/02\/graf_acreditacion-300x207.jpg 300w\" sizes=\"auto, (max-width: 512px) 100vw, 512px\" \/><\/figure><\/div>\n\n\n\n<script language=\"JavaScript\">\n    function abrefichatecnica()\n    {\n        window.open (\"\/fichatecnica.php\", \"_blank\", \"width=640,height=720,toolbars=no,scrollbars=yes,left=50,top=50\");\n    }\n<\/script>\n\n\n\n<div style=\"height:20px\" aria-hidden=\"true\" class=\"wp-block-spacer\"><\/div>\n\n\n\n<p style=\"font-size:30px\"><strong>Solicitud del Proceso<\/strong><\/p>\n\n\n\n<p>La autoridad m\u00e1xima de la Instituci\u00f3n de Educaci\u00f3n Superior (IES) deber\u00e1&nbsp;<a href=\"..\/contact\/\"><strong>enviar una solicitud<\/strong><\/a>&nbsp;al Presidente del Consejo Directivo del&nbsp;<strong>CONCAPREN&nbsp;<\/strong>y llenar el formato de ficha t\u00e9cnica en l\u00ednea.<\/p>\n\n\n\n<p>Una vez recibida la solicitud se enviar\u00e1 a la IES los documentos correspondientes en versi\u00f3n electr\u00f3nica (contrato de servicios, documento de autoevaluaci\u00f3n, documento de respaldo de evidencias) para dar inicio al proceso de acreditaci\u00f3n.<\/p>\n\n\n\n<p>El contrato de servicios deber\u00e1 estar firmado por ambas partes antes del env\u00edo del documento de autoevaluaci\u00f3n.<\/p>\n\n\n\n<p><strong><a href=\"javascript:abrefichatecnica();\">Llenado del Formato de Ficha T\u00e9cnica en L\u00ednea<\/a><\/strong><\/p>\n\n\n\n<div style=\"height:20px\" aria-hidden=\"true\" class=\"wp-block-spacer\"><\/div>\n\n\n\n<p style=\"font-size:30px\"><strong>Autoevaluaci\u00f3n<\/strong><\/p>\n\n\n\n<p>Una vez recibido el documento de autoevaluaci\u00f3n, la IES tiene un plazo de 6 meses m\u00e1ximo para el env\u00edo del documento (archivo electr\u00f3nico) de autoevaluaci\u00f3n, debidamente resuelto por el programa educativo en Nutriolog\u00eda al&nbsp;<strong>CONCAPREN<\/strong>, y se verifica su cumplimiento.<\/p>\n\n\n\n<div style=\"height:20px\" aria-hidden=\"true\" class=\"wp-block-spacer\"><\/div>\n\n\n\n<p style=\"font-size:30px\"><strong>Visita de Verificaci\u00f3n<\/strong><\/p>\n\n\n\n<p>Se establece una fecha para realizar la visita de verificaci\u00f3n in situ en acuerdo con la Direcci\u00f3n\/ Coordinaci\u00f3n del Programa educativo.<\/p>\n\n\n\n<p>Al ser acordada la fecha, se env\u00eda por parte de&nbsp;<strong>CONCAPREN&nbsp;<\/strong>la agenda de trabajo y los nombres del coordinador y pares evaluadores que realizar\u00e1n la visita.<\/p>\n\n\n\n<p>Una vez en la sede del programa educativo se verifica el cumplimiento de los indicadores, se hacen las entrevistas a estudiantes, egresados, profesores, administrativos, empleadores, y se visitan los espacios f\u00edsicos. Se elabora el informe de la visita de verificaci\u00f3n y se env\u00eda al Comit\u00e9 de Acreditaci\u00f3n.<\/p>\n\n\n\n<div style=\"height:20px\" aria-hidden=\"true\" class=\"wp-block-spacer\"><\/div>\n\n\n\n<p style=\"font-size:30px\"><strong>Dictamen<\/strong><\/p>\n\n\n\n<p>El Comit\u00e9 de Acreditaci\u00f3n emite un dictamen e integra el informe final para el Consejo Directivo de <strong>CONCAPREN<\/strong>, posteriormente se env\u00eda a las autoridades del programa educativo.<\/p>\n\n\n\n<div style=\"height:20px\" aria-hidden=\"true\" class=\"wp-block-spacer\"><\/div>\n\n\n\n<p style=\"font-size:30px\"><strong>Aseguramiento de la Calidad<\/strong><\/p>\n\n\n\n<p>Una vez que las autoridades del programa educativo reciben el informe final del proceso de acreditaci\u00f3n y el dictamen, se elabora el plan de mejora y seguimiento del programa, para la mejora continua de los est\u00e1ndares que garanticen la calidad del programa educativo en Nutriolog\u00eda, el cual es enviado al <strong>CONCAPREN<\/strong>.<\/p>\n","protected":false},"excerpt":{"rendered":"<p>La Acreditaci\u00f3n de un Programa Educativo es el reconocimiento p\u00fablico de su calidad, constituye la garant\u00eda de que dicho programa cumple con determinado conjunto de est\u00e1ndares de calidad. La Acreditaci\u00f3n de programas acad\u00e9micos de Nivel Superior debe ser peri\u00f3dica y constituirse en un servicio de gran valor para los estudiantes, [&hellip;]<\/p>\n","protected":false},"author":1,"featured_media":0,"parent":0,"menu_order":0,"comment_status":"closed","ping_status":"closed","template":"","meta":{"footnotes":""},"class_list":["post-92","page","type-page","status-publish","hentry"],"_links":{"self":[{"href":"https:\/\/concapren.org.mx\/ws\/wp-json\/wp\/v2\/pages\/92","targetHints":{"allow":["GET"]}}],"collection":[{"href":"https:\/\/concapren.org.mx\/ws\/wp-json\/wp\/v2\/pages"}],"about":[{"href":"https:\/\/concapren.org.mx\/ws\/wp-json\/wp\/v2\/types\/page"}],"author":[{"embeddable":true,"href":"https:\/\/concapren.org.mx\/ws\/wp-json\/wp\/v2\/users\/1"}],"replies":[{"embeddable":true,"href":"https:\/\/concapren.org.mx\/ws\/wp-json\/wp\/v2\/comments?post=92"}],"version-history":[{"count":7,"href":"https:\/\/concapren.org.mx\/ws\/wp-json\/wp\/v2\/pages\/92\/revisions"}],"predecessor-version":[{"id":110,"href":"https:\/\/concapren.org.mx\/ws\/wp-json\/wp\/v2\/pages\/92\/revisions\/110"}],"wp:attachment":[{"href":"https:\/\/concapren.org.mx\/ws\/wp-json\/wp\/v2\/media?parent=92"}],"curies":[{"name":"wp","href":"https:\/\/api.w.org\/{rel}","templated":true}]}}